{"id":287,"date":"2024-11-05T13:55:37","date_gmt":"2024-11-05T12:55:37","guid":{"rendered":"http:\/\/ovasavn.fo\/?page_id=287"},"modified":"2024-11-05T14:05:01","modified_gmt":"2024-11-05T13:05:01","slug":"shop-policy","status":"publish","type":"page","link":"https:\/\/ovasavnid.fo\/fo\/shop-policy\/","title":{"rendered":"Handilstreytir"},"content":{"rendered":"<div data-elementor-type=\"wp-page\" data-elementor-id=\"287\" class=\"elementor elementor-287\">\n\t\t\t\t\t\t<section class=\"elementor-section elementor-top-section elementor-element elementor-element-54b306c elementor-section-boxed elementor-section-height-default elementor-section-height-default\" data-id=\"54b306c\" data-element_type=\"section\" data-e-type=\"section\">\n\t\t\t\t\t\t<div class=\"elementor-container elementor-column-gap-default\">\n\t\t\t\t\t<div class=\"elementor-column elementor-col-100 elementor-top-column elementor-element elementor-element-6360a2e\" data-id=\"6360a2e\" data-element_type=\"column\" data-e-type=\"column\">\n\t\t\t<div class=\"elementor-widget-wrap elementor-element-populated\">\n\t\t\t\t\t\t<div class=\"elementor-element elementor-element-4e06b8f elementor-widget elementor-widget-heading\" data-id=\"4e06b8f\" data-element_type=\"widget\" data-e-type=\"widget\" data-widget_type=\"heading.default\">\n\t\t\t\t<div class=\"elementor-widget-container\">\n\t\t\t\t\t<h2 class=\"elementor-heading-title elementor-size-default\">Handilstreytir<\/h2>\t\t\t\t<\/div>\n\t\t\t\t<\/div>\n\t\t\t\t<div class=\"elementor-element elementor-element-6a61788 elementor-widget elementor-widget-text-editor\" data-id=\"6a61788\" data-element_type=\"widget\" data-e-type=\"widget\" data-widget_type=\"text-editor.default\">\n\t\t\t\t<div class=\"elementor-widget-container\">\n\t\t\t\t\t\t\t\t\t<p><b>Seljari<\/b><\/p><div><p>Ovasavn<\/p><\/div><div><span data-custom-class=\"body_text\">Malarendavegur, N\u00f3lsoy,<br \/>Faroe Islands,\u00a0<\/span><span data-custom-class=\"body_text\">Denmark<br \/><\/span><\/div><div><span data-custom-class=\"body_text\">V-tal:\u00a0<\/span><\/div><div>\u00a0<\/div><p><b>Pr\u00edsir<\/b><br \/>Allir pr\u00edsir eru \u00edrokna\u00f0 MVG.<br \/>Flutningskostna\u00f0ur \u00ed F\u00f8royum er 150,-<\/p><p><b>Gjalding<\/b><br \/>Gjaldast kann vi\u00f0:<br \/>Visakort og Mastercard<br \/>Keypsupph\u00e6ddin ver\u00f0ur trekt av gjaldskorti t\u00ednum t\u00e1 hon er send.<br \/>Gjaldingin fer \u00edgj\u00f8gnum vi\u00f0urkendar og tryggar gjaldsskipanir. Vit goyma ongant\u00ed\u00f0 t\u00ednum gjaldsuppl\u00fdsingum.<\/p><p><b>Veitingart\u00ed\u00f0<\/b><br \/>Veitingart\u00ed\u00f0in er vanliga \u00edmillum nakrar f\u00e1ar minuttir til 2 t\u00edmar, hetta kemst av t\u00ed grund at v\u00f8ra okkara er ein talgild loysn.\u00a0\u00a0<\/p><p><b>Kostna\u00f0ur fyri levering<\/b><br \/>\u00datbering er \u00f3keypis,-.<\/p><p><b>Garanti<\/b><br \/>Kundin hevur 14 dagar r\u00e6tt til at senda v\u00f8runa aftur. T\u00f3 ver\u00f0ur hv\u00f8r v\u00f8ra hugt at, fyri at meta um v\u00f8ra fyllur kr\u00f8vini fyri afturgjalding. Vit taka ikki \u00edm\u00f3ti matv\u00f8rum, uttan so at ta\u00f0 er t\u00fd\u00f0uligt at feilurin liggur hj\u00e1 okkum<span style=\"font-style: inherit; font-weight: inherit; background-color: var(--ast-global-color-5); color: var(--ast-global-color-3);\">.<\/span><\/p><p><b>I\u00f0ranarr\u00e6ttur<\/b><br \/>I\u00f0ranarr\u00e6tturin hj\u00e1 Ovasavneru samb\u00e6rt veglei\u00f0ingunum fr\u00e1 danska Forbrugerombudsmanden.<br \/>Kundar hj\u00e1 Ovasavn hava 30 dagar i\u00f0ranarrr\u00e6tt. T\u00fa m\u00f3ttekur afturgjald fr\u00e1 Ovasavn \u00e1lj\u00f3\u00f0andi keypsupph\u00e6ddina. T\u00fa sum kundi, betalur fyri aftursendingina. V\u00e6nta ver\u00f0ur at v\u00f8ran er \u00ed sama standi sum t\u00e1 hon var\u00f0 send<\/p><p>Keypstreyturnar eru dagf\u00f8rdar hin \u00a005.11.2024<\/p>\t\t\t\t\t\t\t\t<\/div>\n\t\t\t\t<\/div>\n\t\t\t\t\t<\/div>\n\t\t<\/div>\n\t\t\t\t\t<\/div>\n\t\t<\/section>\n\t\t\t\t<\/div>","protected":false},"excerpt":{"rendered":"<p>Shop Policy Seljari Ovasavn Malarendavegur, N\u00f3lsoy,Faroe Islands,\u00a0DenmarkV-tal:\u00a0\u00a0 Pr\u00edsirAllir pr\u00edsir eru \u00edrokna\u00f0 MVG.Flutningskostna\u00f0ur \u00ed F\u00f8royum er 150,- GjaldingGjaldast kann vi\u00f0:Visakort og [&hellip;]<\/p>\n","protected":false},"author":1,"featured_media":0,"parent":0,"menu_order":0,"comment_status":"closed","ping_status":"closed","template":"","meta":{"_monsterinsights_skip_tracking":false,"_monsterinsights_sitenote_active":false,"_monsterinsights_sitenote_note":"","_monsterinsights_sitenote_category":0,"site-sidebar-layout":"no-sidebar","site-content-layout":"","ast-site-content-layout":"full-width-container","site-content-style":"default","site-sidebar-style":"default","ast-global-header-display":"","ast-banner-title-visibility":"","ast-main-header-display":"","ast-hfb-above-header-display":"","ast-hfb-below-header-display":"","ast-hfb-mobile-header-display":"","site-post-title":"disabled","ast-breadcrumbs-content":"","ast-featured-img":"disabled","footer-sml-layout":"","ast-disable-related-posts":"","theme-transparent-header-meta":"","adv-header-id-meta":"","stick-header-meta":"","header-above-stick-meta":"","header-main-stick-meta":"","header-below-stick-meta":"","astra-migrate-meta-layouts":"default","ast-page-background-enabled":"default","ast-page-background-meta":{"desktop":{"background-color":"var(--ast-global-color-4)","background-image":"","background-repeat":"repeat","background-position":"center center","background-size":"auto","background-attachment":"scroll","background-type":"","background-media":"","overlay-type":"","overlay-color":"","overlay-opacity":"","overlay-gradient":""},"tablet":{"background-color":"","background-image":"","background-repeat":"repeat","background-position":"center center","background-size":"auto","background-attachment":"scroll","background-type":"","background-media":"","overlay-type":"","overlay-color":"","overlay-opacity":"","overlay-gradient":""},"mobile":{"background-color":"","background-image":"","background-repeat":"repeat","background-position":"center center","background-size":"auto","background-attachment":"scroll","background-type":"","background-media":"","overlay-type":"","overlay-color":"","overlay-opacity":"","overlay-gradient":""}},"ast-content-background-meta":{"desktop":{"background-color":"var(--ast-global-color-5)","background-image":"","background-repeat":"repeat","background-position":"center center","background-size":"auto","background-attachment":"scroll","background-type":"","background-media":"","overlay-type":"","overlay-color":"","overlay-opacity":"","overlay-gradient":""},"tablet":{"background-color":"var(--ast-global-color-5)","background-image":"","background-repeat":"repeat","background-position":"center center","background-size":"auto","background-attachment":"scroll","background-type":"","background-media":"","overlay-type":"","overlay-color":"","overlay-opacity":"","overlay-gradient":""},"mobile":{"background-color":"var(--ast-global-color-5)","background-image":"","background-repeat":"repeat","background-position":"center center","background-size":"auto","background-attachment":"scroll","background-type":"","background-media":"","overlay-type":"","overlay-color":"","overlay-opacity":"","overlay-gradient":""}},"footnotes":""},"class_list":["post-287","page","type-page","status-publish","hentry"],"_links":{"self":[{"href":"https:\/\/ovasavnid.fo\/fo\/wp-json\/wp\/v2\/pages\/287","targetHints":{"allow":["GET"]}}],"collection":[{"href":"https:\/\/ovasavnid.fo\/fo\/wp-json\/wp\/v2\/pages"}],"about":[{"href":"https:\/\/ovasavnid.fo\/fo\/wp-json\/wp\/v2\/types\/page"}],"author":[{"embeddable":true,"href":"https:\/\/ovasavnid.fo\/fo\/wp-json\/wp\/v2\/users\/1"}],"replies":[{"embeddable":true,"href":"https:\/\/ovasavnid.fo\/fo\/wp-json\/wp\/v2\/comments?post=287"}],"version-history":[{"count":4,"href":"https:\/\/ovasavnid.fo\/fo\/wp-json\/wp\/v2\/pages\/287\/revisions"}],"predecessor-version":[{"id":291,"href":"https:\/\/ovasavnid.fo\/fo\/wp-json\/wp\/v2\/pages\/287\/revisions\/291"}],"wp:attachment":[{"href":"https:\/\/ovasavnid.fo\/fo\/wp-json\/wp\/v2\/media?parent=287"}],"curies":[{"name":"wp","href":"https:\/\/api.w.org\/{rel}","templated":true}]}}